{"id":2197,"date":"2024-11-16T04:07:05","date_gmt":"2024-11-16T04:07:05","guid":{"rendered":"https:\/\/iuperfume.vn\/?page_id=2197"},"modified":"2024-11-17T20:42:12","modified_gmt":"2024-11-17T13:42:12","slug":"tin-tuc","status":"publish","type":"page","link":"https:\/\/iuperfume.vn\/index.php\/tin-tuc\/","title":{"rendered":"TIN T\u1ee8C"},"content":{"rendered":"<div class=\"wpb-content-wrapper\"><p>[vc_row][vc_column]\n    <!-- Blog Start -->\n    <div class=\"roof-news row  roof-news-69e61561889db \">\n\n            <div class=\"col-md-4 col-sm-6\">\n        <div class=\"news-item\">\n                  <div class=\"news-info\">\n            <h6 class=\"news-meta\"><i class=\"fa fa-clock-o\" aria-hidden=\"true\"><\/i>01\/05\/2017<\/h6>\n            <h5 class=\"news-title\"><a href=\"https:\/\/iuperfume.vn\/index.php\/2017\/05\/01\/tiet-lo-cach-chon-loai-nuoc-hoa-phu-hop-cho-nguoi-menh-moc\/\">Ti\u1ebft l\u1ed9 c\u00e1ch ch\u1ecdn lo\u1ea1i n\u01b0\u1edbc hoa ph\u00f9 h\u1ee3p v\u1edbi ng\u01b0\u1eddi m\u1ec7nh M\u1ed9c<\/a><\/h5>\n                        <p> N\u01b0\u1edbc hoa l\u00e0 v\u1eadt d\u1ee5ng ti\u1ec7n l\u1ee3i, nh\u1ecf g\u1ecdn ngo\u00e0i t\u00e1c d\u1ee5ng t\u1ea1o s\u1ef1 quy\u1ebfn r\u0169 cho ch\u1ee7 nh\u00e2n th\u00ec[&#8230;]            <\/p>\n                        <div class=\"read-more\"><a href=\"https:\/\/iuperfume.vn\/index.php\/2017\/05\/01\/tiet-lo-cach-chon-loai-nuoc-hoa-phu-hop-cho-nguoi-menh-moc\/\" class=\"roof-btn roof-btn-small roof-btn-gray\">Chi ti\u1ebft<\/a><\/div>\n          <\/div>\n        <\/div>\n      <\/div>\n\n            <div class=\"col-md-4 col-sm-6\">\n        <div class=\"news-item\">\n                  <div class=\"news-info\">\n            <h6 class=\"news-meta\"><i class=\"fa fa-clock-o\" aria-hidden=\"true\"><\/i>22\/05\/2017<\/h6>\n            <h5 class=\"news-title\"><a href=\"https:\/\/iuperfume.vn\/index.php\/2017\/05\/22\/mix-match-nuoc-hoa-nam-va-trang-phuc-phu-hop-phong-cach\/\">Mix &#038; Match n\u01b0\u1edbc hoa v\u00e0 trang ph\u1ee5c ph\u00f9 h\u1ee3p v\u1edbi phong c\u00e1ch<\/a><\/h5>\n                        <p> B\u1ea5t k\u1ef3 ai khi s\u1eed d\u1ee5ng n\u01b0\u1edbc hoa \u0111\u1ec1u c\u00f3 nh\u1eefng k\u1ef3 v\u1ecdng ri\u00eang v\u1ec1 m\u00f9i h\u01b0\u01a1ng. L\u1ef1a ch\u1ecdn \u0111\u01b0\u1ee3c[&#8230;]            <\/p>\n                        <div class=\"read-more\"><a href=\"https:\/\/iuperfume.vn\/index.php\/2017\/05\/22\/mix-match-nuoc-hoa-nam-va-trang-phuc-phu-hop-phong-cach\/\" class=\"roof-btn roof-btn-small roof-btn-gray\">Chi ti\u1ebft<\/a><\/div>\n          <\/div>\n        <\/div>\n      <\/div>\n\n            <div class=\"col-md-4 col-sm-6\">\n        <div class=\"news-item\">\n                  <div class=\"news-info\">\n            <h6 class=\"news-meta\"><i class=\"fa fa-clock-o\" aria-hidden=\"true\"><\/i>17\/11\/2024<\/h6>\n            <h5 class=\"news-title\"><a href=\"https:\/\/iuperfume.vn\/index.php\/2024\/11\/17\/nguoi-menh-thuy-nen-chu-y-dieu-gi-khi-chon-nuoc-hoa\/\">Ng\u01b0\u1eddi m\u1ec7nh Th\u1ee7y n\u00ean ch\u00fa \u00fd \u0111i\u1ec1u g\u00ec khi ch\u1ecdn n\u01b0\u1edbc hoa ?<\/a><\/h5>\n                        <p> B\u1ea1n bi\u1ebft kh\u00f4ng? Ch\u1ecdn n\u01b0\u1edbc hoa theo phong th\u1ee7y \u0111\u00fang \u0111\u1eafn s\u1ebd mang l\u1ea1i hy v\u1ecdng li\u00ean quan \u0111\u1ebfn v\u1eadn[&#8230;]            <\/p>\n                        <div class=\"read-more\"><a href=\"https:\/\/iuperfume.vn\/index.php\/2024\/11\/17\/nguoi-menh-thuy-nen-chu-y-dieu-gi-khi-chon-nuoc-hoa\/\" class=\"roof-btn roof-btn-small roof-btn-gray\">Chi ti\u1ebft<\/a><\/div>\n          <\/div>\n        <\/div>\n      <\/div>\n\n            <div class=\"col-md-4 col-sm-6\">\n        <div class=\"news-item\">\n                  <div class=\"news-info\">\n            <h6 class=\"news-meta\"><i class=\"fa fa-clock-o\" aria-hidden=\"true\"><\/i>17\/11\/2024<\/h6>\n            <h5 class=\"news-title\"><a href=\"https:\/\/iuperfume.vn\/index.php\/2024\/11\/17\/nen-chon-nuoc-hoa-gi-cho-nguoi-menh-kim\/\">N\u00ean ch\u1ecdn n\u01b0\u1edbc hoa g\u00ec cho ng\u01b0\u1eddi m\u1ec7nh Kim ?<\/a><\/h5>\n                        <p> N\u1ebfu b\u1ea1n l\u00e0 thu\u1ed9c m\u1ec7nh Kim, \u0111\u1eebng b\u1ecf qua b\u00e0i vi\u1ebft n\u00e0y. Charme Perfume s\u1ebd c\u00f9ng b\u1ea1n kh\u00e1m ph\u00e1 nh\u1eefng[&#8230;]            <\/p>\n                        <div class=\"read-more\"><a href=\"https:\/\/iuperfume.vn\/index.php\/2024\/11\/17\/nen-chon-nuoc-hoa-gi-cho-nguoi-menh-kim\/\" class=\"roof-btn roof-btn-small roof-btn-gray\">Chi ti\u1ebft<\/a><\/div>\n          <\/div>\n        <\/div>\n      <\/div>\n\n            <div class=\"col-md-4 col-sm-6\">\n        <div class=\"news-item\">\n                  <div class=\"news-info\">\n            <h6 class=\"news-meta\"><i class=\"fa fa-clock-o\" aria-hidden=\"true\"><\/i>17\/11\/2024<\/h6>\n            <h5 class=\"news-title\"><a href=\"https:\/\/iuperfume.vn\/index.php\/2024\/11\/17\/goi-y-qua-tang-8-3-cho-cac-co-nang-cong-so\/\">G\u1ee3i \u00fd Qu\u00e0 t\u1eb7ng 8\/3 cho c\u00e1c c\u00f4 n\u00e0ng c\u00f4ng s\u1edf<\/a><\/h5>\n                        <p> Ng\u00e0y Qu\u1ed1c t\u1ebf Ph\u1ee5 n\u1eef 8\/3 kh\u00f4ng ch\u1ec9 l\u00e0 ng\u00e0y t\u00f4n vinh v\u1ebb \u0111\u1eb9p c\u1ee7a ph\u00e1i n\u1eef m\u00e0 c\u00f2n l\u00e0[&#8230;]            <\/p>\n                        <div class=\"read-more\"><a href=\"https:\/\/iuperfume.vn\/index.php\/2024\/11\/17\/goi-y-qua-tang-8-3-cho-cac-co-nang-cong-so\/\" class=\"roof-btn roof-btn-small roof-btn-gray\">Chi ti\u1ebft<\/a><\/div>\n          <\/div>\n        <\/div>\n      <\/div>\n\n            <div class=\"col-md-4 col-sm-6\">\n        <div class=\"news-item\">\n                  <div class=\"news-info\">\n            <h6 class=\"news-meta\"><i class=\"fa fa-clock-o\" aria-hidden=\"true\"><\/i>17\/11\/2024<\/h6>\n            <h5 class=\"news-title\"><a href=\"https:\/\/iuperfume.vn\/index.php\/2024\/11\/17\/huong-thom-thang-3-hoan-hao-danh-tang-phai-dep-viet\/\">H\u01b0\u01a1ng th\u01a1m th\u00e1ng 3 ho\u00e0n h\u1ea3o d\u00e0nh t\u1eb7ng ph\u00e1i \u0111\u1eb9p Vi\u1ec7t<\/a><\/h5>\n                        <p> H\u00e3y c\u00f9ng Charme Perfume \u0111i\u1ec3m l\u1ea1i nh\u1eefng m\u00f9i h\u01b0\u01a1ng l\u00e0m n\u00ean th\u1ebf gi\u1edbi th\u01a1m g\u1ea7n g\u0169i, th\u1ea3nh th\u01a1i v\u00e0 \u0111\u1ea7y[&#8230;]            <\/p>\n                        <div class=\"read-more\"><a href=\"https:\/\/iuperfume.vn\/index.php\/2024\/11\/17\/huong-thom-thang-3-hoan-hao-danh-tang-phai-dep-viet\/\" class=\"roof-btn roof-btn-small roof-btn-gray\">Chi ti\u1ebft<\/a><\/div>\n          <\/div>\n        <\/div>\n      <\/div>\n\n      \n    <\/div>\n    <!-- Blog End -->\n\n    <div class='wp-pagenavi' role='navigation'>\n<span class='pages'>Trang 1 tr\u00ean 3<\/span><span aria-current='page' class='current'>1<\/span><a class=\"page larger\" title=\"Page 2\" href=\"https:\/\/iuperfume.vn\/index.php\/wp-json\/wp\/v2\/pages\/2197\/page\/2\/\">2<\/a><a class=\"page larger\" title=\"Page 3\" href=\"https:\/\/iuperfume.vn\/index.php\/wp-json\/wp\/v2\/pages\/2197\/page\/3\/\">3<\/a><a class=\"nextpostslink\" rel=\"next\" aria-label=\"Trang sau\" href=\"https:\/\/iuperfume.vn\/index.php\/wp-json\/wp\/v2\/pages\/2197\/page\/2\/\">&raquo;<\/a>\n<\/div>[\/vc_column][\/vc_row]<\/p>\n<\/div>","protected":false},"excerpt":{"rendered":"[vc_row][vc_column][\/vc_column][\/vc_row]","protected":false},"author":1,"featured_media":0,"parent":0,"menu_order":0,"comment_status":"closed","ping_status":"closed","template":"","meta":{"_glsr_average":0,"_glsr_ranking":0,"_glsr_reviews":0,"footnotes":""},"class_list":["post-2197","page","type-page","status-publish","hentry"],"jetpack_sharing_enabled":true,"_links":{"self":[{"href":"https:\/\/iuperfume.vn\/index.php\/wp-json\/wp\/v2\/pages\/2197","targetHints":{"allow":["GET"]}}],"collection":[{"href":"https:\/\/iuperfume.vn\/index.php\/wp-json\/wp\/v2\/pages"}],"about":[{"href":"https:\/\/iuperfume.vn\/index.php\/wp-json\/wp\/v2\/types\/page"}],"author":[{"embeddable":true,"href":"https:\/\/iuperfume.vn\/index.php\/wp-json\/wp\/v2\/users\/1"}],"replies":[{"embeddable":true,"href":"https:\/\/iuperfume.vn\/index.php\/wp-json\/wp\/v2\/comments?post=2197"}],"version-history":[{"count":5,"href":"https:\/\/iuperfume.vn\/index.php\/wp-json\/wp\/v2\/pages\/2197\/revisions"}],"predecessor-version":[{"id":2554,"href":"https:\/\/iuperfume.vn\/index.php\/wp-json\/wp\/v2\/pages\/2197\/revisions\/2554"}],"wp:attachment":[{"href":"https:\/\/iuperfume.vn\/index.php\/wp-json\/wp\/v2\/media?parent=2197"}],"curies":[{"name":"wp","href":"https:\/\/api.w.org\/{rel}","templated":true}]}}