{"id":2387,"date":"2024-11-17T14:39:47","date_gmt":"2024-11-17T07:39:47","guid":{"rendered":"https:\/\/iuperfume.vn\/?post_type=product&#038;p=2387"},"modified":"2025-08-15T22:33:52","modified_gmt":"2025-08-15T15:33:52","slug":"iu-sexy-men","status":"publish","type":"product","link":"https:\/\/iuperfume.vn\/index.php\/product\/iu-sexy-men\/","title":{"rendered":"I.U SEXY MEN 100ml (N\u01b0\u1edbc Hoa Nam)"},"content":{"rendered":"<div class=\"wpb-content-wrapper\"><p>[vc_row][vc_column][vc_column_text css=&#8221;&#8221;]<span style=\"color: #000000;\">N\u01b0\u1edbc Hoa I.U SEXY MEN l\u00e0 chai n\u01b0\u1edbc hoa nam mang m\u1ed9t h\u01b0\u01a1ng v\u1ecb nam t\u00ednh \u0111\u1ea7y m\u1ea1nh m\u1ebd th\u1ec3 hi\u1ec7n s\u1ef1 cu\u1ed1n h\u00fat v\u00e0 g\u1ee3i c\u1ea3m c\u1ee7a nam gi\u1edbi. M\u00f9i h\u01b0\u01a1ng c\u0169ng ph\u00f9 h\u1ee3p cho c\u1ea3 ban ng\u00e0y hay ban \u0111\u00eam, v\u0103n ph\u00f2ng hay h\u1eb9n h\u00f2, ho\u1eb7c b\u1ea5t c\u1ee9 n\u01a1i n\u00e0o kh\u00e1c m\u00e0 b\u1ea1n c\u00f3 th\u1ec3 ngh\u0129 \u0111\u1ebfn.<\/span><\/p>\n<p><span style=\"color: #000000;\"><img loading=\"lazy\" decoding=\"async\" class=\"alignnone wp-image-3140 size-medium\" src=\"https:\/\/iuperfume.vn\/wp-content\/uploads\/2024\/11\/z6875422701553_888ed623b8ebcbd6b7e1be583688d57c-300x300.jpg\" alt=\"\" width=\"300\" height=\"300\" srcset=\"https:\/\/iuperfume.vn\/wp-content\/uploads\/2024\/11\/z6875422701553_888ed623b8ebcbd6b7e1be583688d57c-300x300.jpg 300w, https:\/\/iuperfume.vn\/wp-content\/uploads\/2024\/11\/z6875422701553_888ed623b8ebcbd6b7e1be583688d57c-1020x1024.jpg 1020w, https:\/\/iuperfume.vn\/wp-content\/uploads\/2024\/11\/z6875422701553_888ed623b8ebcbd6b7e1be583688d57c-150x150.jpg 150w, https:\/\/iuperfume.vn\/wp-content\/uploads\/2024\/11\/z6875422701553_888ed623b8ebcbd6b7e1be583688d57c-768x771.jpg 768w, https:\/\/iuperfume.vn\/wp-content\/uploads\/2024\/11\/z6875422701553_888ed623b8ebcbd6b7e1be583688d57c-1530x1536.jpg 1530w, https:\/\/iuperfume.vn\/wp-content\/uploads\/2024\/11\/z6875422701553_888ed623b8ebcbd6b7e1be583688d57c-2040x2048.jpg 2040w, https:\/\/iuperfume.vn\/wp-content\/uploads\/2024\/11\/z6875422701553_888ed623b8ebcbd6b7e1be583688d57c-100x100.jpg 100w, https:\/\/iuperfume.vn\/wp-content\/uploads\/2024\/11\/z6875422701553_888ed623b8ebcbd6b7e1be583688d57c-200x200.jpg 200w, https:\/\/iuperfume.vn\/wp-content\/uploads\/2024\/11\/z6875422701553_888ed623b8ebcbd6b7e1be583688d57c-400x400.jpg 400w, https:\/\/iuperfume.vn\/wp-content\/uploads\/2024\/11\/z6875422701553_888ed623b8ebcbd6b7e1be583688d57c-500x500.jpg 500w, https:\/\/iuperfume.vn\/wp-content\/uploads\/2024\/11\/z6875422701553_888ed623b8ebcbd6b7e1be583688d57c-270x270.jpg 270w, https:\/\/iuperfume.vn\/wp-content\/uploads\/2024\/11\/z6875422701553_888ed623b8ebcbd6b7e1be583688d57c-444x446.jpg 444w\" sizes=\"auto, (max-width: 300px) 100vw, 300px\" \/><\/span><\/p>\n<p><span style=\"color: #000000;\">I.U SEXY MEN v\u1edbi phong th\u00e1i c\u1ee7a m\u1ed9t \u00f4ng ch\u1ee7 ng\u1ecdt ng\u00e0o v\u00e0 \u1ea5m \u00e1p, ph\u1ea3ng ph\u1ea5t m\u00f9i hoa phong l\u1eef v\u00e0 h\u01b0\u01a1ng vanilla nh\u01b0 \u0111ang \u0111\u00e1nh th\u1ee9c gi\u00e1c quan c\u1ee7a qu\u00fd c\u00f4 theo c\u1ea3m gi\u00e1c k\u1ef3 l\u1ea1 ch\u01b0a t\u1eebng c\u00f3. V\u1edbi thi\u1ebft k\u1ebf \u0111\u1ea7y t\u00ednh ti\u1ec7n d\u1ee5ng, s\u1ea3n ph\u1ea9m th\u00edch h\u1ee3p \u0111\u1ec3 \u201cc\u00e1nh m\u00e0y r\u00e2u\u201d c\u00f3 th\u1ec3 mang \u0111i b\u1ea5t c\u1ee9 \u0111\u00e2u v\u00e0 d\u1ec5 d\u00e0ng s\u1eed d\u1ee5ng su\u1ed1t ng\u00e0y d\u00e0i.<\/span><\/p>\n<p><strong><span><a onclick=\"read_toggle(1232054885, '\u0110\u1ecdc Th\u00eam', 'Thu G\u1ecdn'); return false;\" class=\"read-link\" id=\"readlink1232054885\" style=\"readlink\" href=\"#\">\u0110\u1ecdc Th\u00eam<\/a><\/span>\n<div class=\"read_div\" id=\"read1232054885\" style=\"display: none;\"><\/strong><\/p>\n<p><span style=\"color: #000000;\">M\u00f9i h\u01b0\u01a1ng th\u1ec3 hi\u1ec7n s\u1ef1 m\u1ea1nh m\u1ebd nam t\u00ednh th\u00f4ng qua s\u1ef1 k\u1ebft h\u1ee3p tinh t\u1ebf c\u1ee7a h\u01b0\u01a1ng l\u00e1 b\u1ea1c h\u00e0 t\u01b0\u01a1i, v\u1ecf chanh v\u00e0 t\u00e1o xanh. H\u01b0\u01a1ng th\u01a1m n\u1ec1n g\u00e2y nghi\u1ec7n b\u1edfi s\u1ef1 pha tr\u1ed9n c\u1ee7a m\u1ed9t s\u1ed1 th\u00e0nh ph\u1ea7n h\u01b0\u01a1ng hoa ph\u01b0\u01a1ng \u0110\u00f4ng h\u1ea5p d\u1eabn nh\u01b0 \u0111\u1eadu tonka, h\u1ed5 ph\u00e1ch, hoa phong l\u1eef , vani c\u00f9ng v\u1edbi m\u1ed9t ch\u00fat th\u00e0nh ph\u1ea7n h\u01b0\u01a1ng \u0111\u1eb7c tr\u01b0ng c\u1ee7a h\u01b0\u01a1ng g\u1ed7 nh\u01b0 g\u1ed7 tuy\u1ebft t\u00f9ng, trong khi h\u01b0\u01a1ng hoa da thu\u1ed9c l\u00e0m t\u0103ng th\u00eam s\u1ef1 quy\u1ebfn r\u0169, tinh t\u1ebf v\u00e0 \u0111am m\u00ea cho ph\u00e1i m\u1ea1nh.<\/span><\/p>\n<p><span style=\"color: #000000;\"><strong>1. TH\u00d4NG TIN S\u1ea2N PH\u1ea8M\u00a0<\/strong><\/span><\/p>\n<p><span style=\"color: #000000;\">&#8211; Lo\u1ea1i: N\u01b0\u1edbc hoa nam<\/span><\/p>\n<p><span style=\"color: #000000;\">&#8211; Th\u01b0\u01a1ng hi\u1ec7u: N\u01b0\u1edbc hoa I.U Perfume<\/span><\/p>\n<p><span style=\"color: #000000;\">&#8211; Dung t\u00edch: 100ML<\/span><\/p>\n<p><span style=\"color: #000000;\">&#8211; H\u1ea1n s\u1eed d\u1ee5ng: 3 n\u0103m k\u1ec3 t\u1eeb ng\u00e0y s\u1ea3n xu\u1ea5t.<\/span><\/p>\n<p><span style=\"color: #000000;\">&#8211; S\u1ea3n xu\u1ea5t b\u1edfi: C\u00f4ng ty C\u1ed5 ph\u1ea7n I.U Perfume<\/span><\/p>\n<p><span style=\"color: #000000;\"><strong>2. M\u00d9I H\u01af\u01a0NG N\u01af\u1edaC HOA\u00a0<\/strong><\/span><\/p>\n<p><span style=\"color: #000000;\">&#8211; N\u1ed3ng \u0111\u1ed9: Eau de parfum<\/span><\/p>\n<p><span style=\"color: #000000;\">&#8211; \u0110\u1ed9 l\u01b0u h\u01b0\u01a1ng: L\u00e2u &#8211; 7 gi\u1edd \u0111\u1ebfn 12 gi\u1edd<\/span><\/p>\n<p><span style=\"color: #000000;\">&#8211; \u0110\u1ed9 to\u1ea3 h\u01b0\u01a1ng: Xa &#8211; To\u1ea3 h\u01b0\u01a1ng trong v\u00f2ng b\u00e1n k\u00ednh 2 m\u00e9t<\/span><\/p>\n<p><span style=\"color: #000000;\">&#8211; Th\u1eddi \u0111i\u1ec3m khuy\u00ean d\u00f9ng: Ng\u00e0y, \u0110\u00eam, Thu, \u0110\u00f4ng, Xu\u00e2n, H\u1ea1<\/span><\/p>\n<p><span style=\"color: #000000;\">&#8211; Phong c\u00e1ch: Nam t\u00ednh, G\u1ee3i c\u1ea3m, S\u00e0nh \u0111i\u1ec7u<\/span><\/p>\n<p><span style=\"color: #000000;\">&#8211; Nh\u00f3m h\u01b0\u01a1ng :\u00a0H\u01b0\u01a1ng th\u01a1m th\u1ea3o m\u1ed9c Ph\u01b0\u01a1ng \u0110\u00f4ng \u00a0\u00a0<strong>\u00a0 \u00a0 \u00a0 \u00a0 \u00a0 \u00a0 \u00a0<\/strong><\/span><\/p>\n<p><span style=\"color: #000000;\">M\u00f9i h\u01b0\u01a1ng \u0111\u1eb7c tr\u01b0ng:\u00a0\u00a0\u00a0\u00a0\u00a0\u00a0\u00a0<strong>\u00a0 \u00a0 \u00a0 \u00a0 \u00a0 \u00a0 \u00a0 \u00a0 \u00a0 \u00a0 \u00a0 \u00a0 \u00a0 \u00a0 \u00a0 \u00a0 \u00a0 \u00a0 \u00a0 \u00a0 \u00a0 \u00a0 \u00a0\u00a0<\/strong><\/span><\/p>\n<ul>\n<li>H\u01b0\u01a1ng \u0110\u1ea7u: B\u1ea1c H\u00e0, Qu\u1ea3 T\u00e1o, Qu\u1ea3 Chanh, Cam Mandarin.<\/li>\n<li>H\u01b0\u01a1ng Gi\u1eefa: H\u01b0\u01a1ng Ambroxan, Hoa Phong L\u1eef, C\u00e2y X\u00f4 Th\u01a1m.<\/li>\n<li>H\u01b0\u01a1ng Cu\u1ed1i: H\u01b0\u01a1ng Vanilla, G\u1ed7 Tuy\u1ebft T\u00f9ng, G\u1ed7 \u0110\u00e0n H\u01b0\u01a1ng, Cam \u0110\u1eafng, Ho\u1eafc H\u01b0\u01a1ng, Da thu\u1ed9c.<\/li>\n<\/ul>\n<p><span style=\"color: #000000;\"><strong>3. C\u00c1CH S\u1eec D\u1ee4NG\u00a0<\/strong><\/span><\/p>\n<p><span style=\"color: #000000;\">&#8211; V\u1ecb tr\u00ed x\u1ecbt n\u01b0\u1edbc hoa: Nh\u1eefng v\u1ecb tr\u00ed x\u1ecbt n\u01b0\u1edbc hoa l\u00fd t\u01b0\u1edfng theo c\u00e1c chuy\u00ean gia khuy\u00ean l\u00e0: b\u00ean trong khu\u1ef7u tay, g\u00e1y, sau tai, c\u1ed5 tay, sau \u0111\u1ea7u g\u1ed1i. C\u00e1ch x\u1ecbt n\u01b0\u1edbc hoa l\u00ean nh\u1eefng v\u1ecb tr\u00ed c\u00f3 m\u1ea1ch \u0111\u1eadp, t\u1ecfa nhi\u1ec7t gi\u00fap m\u1ed7i c\u1eed \u0111\u1ed9ng c\u1ee7a b\u1ea1n \u0111\u1ec1u khi\u1ebfn m\u00f9i h\u01b0\u01a1ng lan t\u1ecfa t\u1ef1 nhi\u00ean. B\u1ea1n c\u0169ng c\u00f3 th\u1ec3 x\u1ecbt m\u1ed9t \u00edt l\u00ean ng\u1ef1c, v\u00e0o l\u00f2ng b\u00e0n tay r\u1ed3i vu\u1ed1t nh\u1eb9 l\u00ean t\u00f3c v\u00e0 m\u1ed9t ch\u00fat sau l\u01b0ng n\u1ebfu mu\u1ed1n.<\/span><\/p>\n<p><span style=\"color: #000000;\">&#8211; Th\u1eddi \u0111i\u1ec3m x\u1ecbt n\u01b0\u1edbc hoa: Th\u1eddi \u0111i\u1ec3m t\u1ed1t nh\u1ea5t l\u00e0 ngay khi b\u1ea1n v\u1eeba t\u1eafm xong. Nguy\u00ean do l\u00e0 l\u00fac \u0111\u00f3 l\u00e0n da \u0111ang s\u1ea1ch tinh v\u00e0 gi\u00e0u \u0111\u1ed9 \u1ea9m gi\u00fap ph\u00e2n t\u1eed m\u00f9i h\u01b0\u01a1ng d\u1ec5 d\u00e0ng quy\u1ec7n ch\u1eb7t l\u00ean da.<\/span><\/p>\n<p><span style=\"color: #000000;\">&#8211; D\u01b0\u1ee1ng \u1ea9m tr\u01b0\u1edbc khi x\u1ecbt: B\u1ea1n c\u1ea7n t\u1ea1o m\u1ed9t m\u00f4i tr\u01b0\u1eddng l\u00fd t\u01b0\u1edfng \u0111\u1ec3 n\u01b0\u1edbc hoa c\u00f3 ch\u1ed7 b\u00e1m l\u1ea1i v\u00e0 l\u01b0u h\u01b0\u01a1ng th\u1eadt l\u00e2u. M\u1ed9t l\u00e0n da \u0111\u01b0\u1ee3c thoa kem d\u01b0\u1ee1ng \u1ea9m ch\u00ednh l\u00e0 m\u00f4i tr\u01b0\u1eddng t\u1ed1t nh\u1ea5t. L\u00fac n\u00e0y kem d\u01b0\u1ee1ng \u1ea9m \u0111\u00f3ng vai tr\u00f2 nh\u01b0 l\u1edbp n\u1ec1n l\u01b0u tr\u1eef ph\u00e2n t\u1eed m\u00f9i h\u01b0\u01a1ng b\u00e1m tr\u1ee5 v\u00e0 t\u1ecfa h\u01b0\u01a1ng t\u1ed1t nh\u1ea5t c\u00f3 th\u1ec3.<\/span><\/p>\n<p><span style=\"color: #000000;\">&#8211; V\u1ed7 nh\u1eb9 n\u01b0\u1edbc hoa: \u0110\u1eebng bao gi\u1edd d\u00f9ng tay xoa m\u1ea1nh n\u01b0\u1edbc hoa l\u00ean da, ho\u1eb7c x\u1ecbt n\u01b0\u1edbc hoa l\u00ean c\u1ed5 tay r\u1ed3i xoa m\u1ea1nh hai c\u1ed5 tay v\u1edbi nhau, l\u00e0m nh\u01b0 v\u1eady c\u00e1c ph\u00e2n t\u1eed m\u00f9i h\u01b0\u01a1ng s\u1ebd b\u1ecb x\u00e1o tr\u1ed9n g\u00e2y bi\u1ebfn \u0111\u1ed5i m\u00f9i. Thay v\u00ec th\u1ebf, h\u00e3y ch\u1ea5m nh\u1eb9 n\u01b0\u1edbc hoa l\u00ean da m\u00e0 th\u00f4i.<\/span><\/p>\n<p><span style=\"color: #000000;\"><strong>I.U PERFUME CAM K\u1ebeT \u0110\u1ebeN NG\u01af\u1edcI TI\u00caU D\u00d9NG:<\/strong><\/span><\/p>\n<p><span style=\"color: #000000;\">&#8211; Gi\u1ea5y ph\u00e9p l\u01b0u h\u00e0nh, ch\u1ea5t l\u01b0\u1ee3ng s\u1ea3n ph\u1ea9m \u0111\u01b0\u1ee3c B\u1ed9 y T\u1ebf ki\u1ec3m nghi\u1ec7m.<\/span><\/p>\n<p><span style=\"color: #000000;\">&#8211; Tem ch\u1ed1ng h\u00e0ng gi\u1ea3 c\u1ee7a b\u1ed9 C\u00f4ng An.<\/span><\/p>\n<p><span style=\"color: #000000;\">&#8211; H\u01b0\u01a1ng li\u1ec7u cao c\u1ea5p \u0111\u01b0\u1ee3c nh\u1eadp kh\u1ea9u ch\u00ednh ng\u1ea1ch t\u1eeb Ph\u00e1p.<\/span><\/p>\n<p><span style=\"color: #000000;\">&#8211; C\u00f4ng ngh\u1ec7 v\u00e0 d\u00e2y chuy\u1ec1n s\u1ea3n xu\u1ea5t \u0111\u1ea1t ti\u00eau chu\u1ea9n Ch\u00e2u \u00c2u.<\/span><\/p>\n<p><span style=\"color: #000000;\"><strong>4. B\u1ea2O QU\u1ea2N\u00a0:\u00a0<\/strong>\u0110\u1ec3 n\u01a1i kh\u00f4 r\u00e1o, tho\u00e1ng m\u00e1t. Tr\u00e1nh ti\u1ebfp x\u00fac tr\u1ef1c ti\u1ebfp v\u1edbi m\u1eaft v\u00e0 tr\u00e1nh xa t\u1ea7m tay tr\u1ebb em.<\/span><\/p>\n<p><strong><\/div><\/strong>[\/vc_column_text][\/vc_column][\/vc_row][vc_row][vc_column][vc_raw_html css=&#8221;&#8221;]JTNDZGl2JTIwaWQlM0QlMjJmZWVkYmFjay1zZWN0aW9uJTIyJTIwc3R5bGUlM0QlMjJtYXgtd2lkdGglM0E3MDBweCUzQm1hcmdpbiUzQWF1dG8lM0JwYWRkaW5nJTNBMjBweCUzQmJvcmRlciUzQTFweCUyMHNvbGlkJTIwJTIzZGRkJTNCYm9yZGVyLXJhZGl1cyUzQTEwcHglM0Jmb250LWZhbWlseSUzQXNhbnMtc2VyaWYlMjIlM0UlMEElMjAlMjAlM0NoMiUzRSVDNCU5MCVDMyVBMW5oJTIwZ2klQzMlQTElMjBzJUUxJUJBJUEzbiUyMHBoJUUxJUJBJUE5bSUzQyUyRmgyJTNFJTBBJTIwJTIwJTNDZGl2JTIwaWQlM0QlMjJmZWVkYmFjay1zdW1tYXJ5JTIyJTIwc3R5bGUlM0QlMjJtYXJnaW4tYm90dG9tJTNBMjBweCUzQmJvcmRlci1ib3R0b20lM0ExcHglMjBzb2xpZCUyMCUyM2NjYyUzQnBhZGRpbmctYm90dG9tJTNBMTBweCUyMiUzRSUwQSUyMCUyMCUyMCUyMCUzQ3N0cm9uZyUyMHN0eWxlJTNEJTIyZm9udC1zaXplJTNBMjBweCUyMiUzRSVFMiVBRCU5MCUyMCUzQ3NwYW4lMjBpZCUzRCUyMmF2Zy1yYXRpbmclMjIlM0U1LjAlM0MlMkZzcGFuJTNFJTNDJTJGc3Ryb25nJTNFJTIwJTJGJTIwNS4wJTIwdCVFMSVCQiVBQiUyMCUzQ3NwYW4lMjBpZCUzRCUyMnRvdGFsLWZlZWRiYWNrJTIyJTNFLi4uJTNDJTJGc3BhbiUzRSUyMCVDNCU5MSVDMyVBMW5oJTIwZ2klQzMlQTElMEElMjAlMjAlM0MlMkZkaXYlM0UlMEElMEElMjAlMjAlM0NkaXYlMjBpZCUzRCUyMmZlZWRiYWNrLWxpc3QlMjIlM0UlM0MlMkZkaXYlM0UlMEElMjAlMjAlM0NkaXYlMjBpZCUzRCUyMnBhZ2luYXRpb24lMjIlMjBzdHlsZSUzRCUyMnRleHQtYWxpZ24lM0FjZW50ZXIlM0JtYXJnaW4tdG9wJTNBMjBweCUzQiUyMiUzRSUzQyUyRmRpdiUzRSUwQSUzQyUyRmRpdiUzRSUwQSUwQSUzQ3N0eWxlJTNFJTBBJTIwJTIwLmZlZWRiYWNrLWl0ZW0lMjAlN0IlMjBib3JkZXItYm90dG9tJTNBMXB4JTIwc29saWQlMjAlMjNlZWUlM0JwYWRkaW5nJTNBMTBweCUyMDAlM0IlMjAlN0QlMEElMjAlMjAuZmVlZGJhY2stbmFtZSUyMCU3QiUyMGZvbnQtd2VpZ2h0JTNBYm9sZCUzQmZvbnQtc2l6ZSUzQTE1cHglM0JtYXJnaW4tYm90dG9tJTNBM3B4JTNCJTIwJTdEJTBBJTIwJTIwLmZlZWRiYWNrLXN0YXJzJTIwJTdCJTIwY29sb3IlM0Fnb2xkJTNCZm9udC1zaXplJTNBMTRweCUzQm1hcmdpbi1ib3R0b20lM0E0cHglM0IlMjAlN0QlMEElMjAlMjAuZmVlZGJhY2stZGF0ZSUyMCU3QiUyMGZvbnQtc2l6ZSUzQTEycHglM0Jjb2xvciUzQSUyMzg4OCUzQm1hcmdpbi1ib3R0b20lM0E2cHglM0IlMjAlN0QlMEElMjAlMjAucGFnaW5hdGlvbi1idG4lMjAlN0IlMjBtYXJnaW4lM0EwJTIwNXB4JTNCcGFkZGluZyUzQTRweCUyMDhweCUzQmN1cnNvciUzQXBvaW50ZXIlM0Jib3JkZXIlM0ExcHglMjBzb2xpZCUyMCUyM2NjYyUzQmJvcmRlci1yYWRpdXMlM0E0cHglM0JiYWNrZ3JvdW5kJTNBJTIzZjlmOWY5JTNCJTIwJTdEJTBBJTIwJTIwLnBhZ2luYXRpb24tYnRuLmFjdGl2ZSUyMCU3QiUyMGJhY2tncm91bmQlM0ElMjMwMDdiZmYlM0Jjb2xvciUzQSUyM2ZmZiUzQmJvcmRlci1jb2xvciUzQSUyMzAwN2JmZiUzQiUyMCU3RCUwQSUzQyUyRnN0eWxlJTNFJTBBJTBBJTNDc2NyaXB0JTNFJTBBJTIwJTIwY29uc3QlMjBmZWVkYmFja3MlMjAlM0QlNUIlMEElMjAlMjAlN0IlMEElMjAlMjAlMjAlMjAlMjJuYW1lJTIyJTNBJTIwJTIySG8lQzMlQTBuZyUyMFRoJUUxJUJCJThCJTIwSCVDMyVBMCUyMiUyQyUwQSUyMCUyMCUyMCUyMCUyMnN0YXJzJTIyJTNBJTIwMyUyQyUwQSUyMCUyMCUyMCUyMCUyMmNvbW1lbnQlMjIlM0ElMjAlMjJOZyVFMSVCQiVBRGklMjBsJUUxJUJBJUE3biUyMCVDNCU5MSVFMSVCQSVBN3UlMjAlQzQlOTElQzMlQTMlMjB0aCVDMyVBRGNoJTJDJTIwa2glQzMlQjRuZyUyMHF1JUMzJUExJTIwbiVFMSVCQiU5M25nLiUyMiUyQyUwQSUyMCUyMCUyMCUyMCUyMmRhdGUlMjIlM0ElMjAlMjIxNyUyRjA3JTJGMjAyNSUyMiUwQSUyMCUyMCU3RCUyQyUwQSUyMCUyMCU3QiUwQSUyMCUyMCUyMCUyMCUyMm5hbWUlMjIlM0ElMjAlMjJMJUMzJUFBJTIwVGglRTElQkElQkYlMjBIaSVFMSVCQSVCRnUlMjIlMkMlMEElMjAlMjAlMjAlMjAlMjJzdGFycyUyMiUzQSUyMDUlMkMlMEElMjAlMjAlMjAlMjAlMjJjb21tZW50JTIyJTNBJTIwJTIyR2klRTElQkIlQUYlMjBtJUMzJUI5aSUyMHQlRTElQkElQTdtJTIwNiUyMHRpJUUxJUJBJUJGbmclMjBsJUMzJUEwJTIwa2glQzMlQTElMjAlRTElQkIlOTVuJTIwciVFMSVCQiU5M2kuJTIyJTJDJTBBJTIwJTIwJTIwJTIwJTIyZGF0ZSUyMiUzQSUyMCUyMjIwJTJGMDYlMkYyMDI1JTIyJTBBJTIwJTIwJTdEJTJDJTBBJTIwJTIwJTdCJTBBJTIwJTIwJTIwJTIwJTIybmFtZSUyMiUzQSUyMCUyMkhvJUMzJUEwbmclMjBWJUM0JTgzbiUyMEglQzYlQjAlQzYlQTFuZyUyMiUyQyUwQSUyMCUyMCUyMCUyMCUyMnN0YXJzJTIyJTNBJTIwNSUyQyUwQSUyMCUyMCUyMCUyMCUyMmNvbW1lbnQlMjIlM0ElMjAlMjJUaCVDNiVBMW0lMjBraSVFMSVCQiU4M3UlMjBkJUUxJUJCJTg1JTIwY2glRTElQkIlOEJ1JTJDJTIwa2glQzMlQjRuZyUyMGIlRTElQkIlOEIlMjBnJUUxJUJBJUFGdC4lMjIlMkMlMEElMjAlMjAlMjAlMjAlMjJkYXRlJTIyJTNBJTIwJTIyMTMlMkYwNyUyRjIwMjUlMjIlMEElMjAlMjAlN0QlMkMlMEElMjAlMjAlN0IlMEElMjAlMjAlMjAlMjAlMjJuYW1lJTIyJTNBJTIwJTIyTWFpJTIwVGhhbmglMjBUJUMzJUEybSUyMiUyQyUwQSUyMCUyMCUyMCUyMCUyMnN0YXJzJTIyJTNBJTIwNCUyQyUwQSUyMCUyMCUyMCUyMCUyMmNvbW1lbnQlMjIlM0ElMjAlMjJLaCVDMyVBMSUyMGIlRTElQkElQTV0JTIwbmclRTElQkIlOUQlMjB2JUMzJUFDJTIwbSVDMyVCOWklMjB0aCVDNiVBMW0lMjBuaCVDNiVCMCUyMGglQzMlQTBuZyUyMGhpJUUxJUJCJTg3dS4lMjIlMkMlMEElMjAlMjAlMjAlMjAlMjJkYXRlJTIyJTNBJTIwJTIyMDIlMkYwOCUyRjIwMjUlMjIlMEElMjAlMjAlN0QlMkMlMEElMjAlMjAlN0IlMEElMjAlMjAlMjAlMjAlMjJuYW1lJTIyJTNBJTIwJTIyTmd1eSVFMSVCQiU4NW4lMjBUaCVFMSVCQiU4QiUyMFQlQzMlQkElMjIlMkMlMEElMjAlMjAlMjAlMjAlMjJzdGFycyUyMiUzQSUyMDUlMkMlMEElMjAlMjAlMjAlMjAlMjJjb21tZW50JTIyJTNBJTIwJTIyTSVDMyVBQ25oJTIwdGglQzMlQURjaCUyMG0lQzMlQjlpJTIwbmclRTElQkIlOER0JTIwbmclQzMlQTBvJTIwbmglQzYlQjAlMjB0aCVFMSVCQSVCRiUyMG4lQzMlQTB5LiUyMiUyQyUwQSUyMCUyMCUyMCUyMCUyMmRhdGUlMjIlM0ElMjAlMjIwNyUyRjA3JTJGMjAyNSUyMiUwQSUyMCUyMCU3RCUyQyUwQSUyMCUyMCU3QiUwQSUyMCUyMCUyMCUyMCUyMm5hbWUlMjIlM0ElMjAlMjJWJUM1JUE5JTIwVGglRTElQkElQkYlMjBMYW4lMjIlMkMlMEElMjAlMjAlMjAlMjAlMjJzdGFycyUyMiUzQSUyMDUlMkMlMEElMjAlMjAlMjAlMjAlMjJjb21tZW50JTIyJTNBJTIwJTIyR2klQzMlQTElMjBoJUUxJUJCJUEzcCUyMGwlQzMlQkQlMjBzbyUyMHYlRTElQkIlOUJpJTIwY2glRTElQkElQTV0JTIwbCVDNiVCMCVFMSVCQiVBM25nJTIwcyVFMSVCQSVBM24lMjBwaCVFMSVCQSVBOW0uJTIyJTJDJTBBJTIwJTIwJTIwJTIwJTIyZGF0ZSUyMiUzQSUyMCUyMjI4JTJGMDclMkYyMDI1JTIyJTBBJTIwJTIwJTdEJTJDJTBBJTIwJTIwJTdCJTBBJTIwJTIwJTIwJTIwJTIybmFtZSUyMiUzQSUyMCUyMlBoJUUxJUJBJUExbSUyMEtoJUMzJUExbmglMjBEJUM1JUE5bmclMjIlMkMlMEElMjAlMjAlMjAlMjAlMjJzdGFycyUyMiUzQSUyMDUlMkMlMEElMjAlMjAlMjAlMjAlMjJjb21tZW50JTIyJTNBJTIwJTIyUGglQzMlQjklMjBoJUUxJUJCJUEzcCUyMHYlRTElQkIlOUJpJTIwcGhvbmclMjBjJUMzJUExY2glMjB0aGFuaCUyMGwlRTElQkIlOEJjaC4lMjIlMkMlMEElMjAlMjAlMjAlMjAlMjJkYXRlJTIyJTNBJTIwJTIyMTMlMkYwNiUyRjIwMjUlMjIlMEElMjAlMjAlN0QlMkMlMEElMjAlMjAlN0IlMEElMjAlMjAlMjAlMjAlMjJuYW1lJTIyJTNBJTIwJTIyViVDNSVBOSUyMFRoJUUxJUJBJUJGJTIwVCVDMyVCQSUyMiUyQyUwQSUyMCUyMCUyMCUyMCUyMnN0YXJzJTIyJTNBJTIwMyUyQyUwQSUyMCUyMCUyMCUyMCUyMmNvbW1lbnQlMjIlM0ElMjAlMjJUJUUxJUJBJUI3bmclMjBiJUUxJUJBJUExbiUyMGclQzMlQTFpJTJDJTIwYyVDMyVCNCUyMCVFMSVCQSVBNXklMjByJUUxJUJBJUE1dCUyMHRoJUMzJUFEY2guJTIyJTJDJTBBJTIwJTIwJTIwJTIwJTIyZGF0ZSUyMiUzQSUyMCUyMjEzJTJGMDYlMkYyMDI1JTIyJTBBJTIwJTIwJTdEJTJDJTBBJTIwJTIwJTdCJTBBJTIwJTIwJTIwJTIwJTIybmFtZSUyMiUzQSUyMCUyMk5ndXklRTElQkIlODVuJTIwTmclRTElQkIlOERjJTIwQ2hpJTIyJTJDJTBBJTIwJTIwJTIwJTIwJTIyc3RhcnMlMjIlM0ElMjA0JTJDJTBBJTIwJTIwJTIwJTIwJTIyY29tbWVudCUyMiUzQSUyMCUyMlBoJUMzJUI5JTIwaCVFMSVCQiVBM3AlMjB2JUUxJUJCJTlCaSUyMG0lQzMlQjlhJTIwaCVDMyVBOCUyQyUyMG0lQzMlQTF0JTIwbSVFMSVCQSVCQiUyQyUyMG5oJUUxJUJBJUI5JTIwbmglQzMlQTBuZy4lMjIlMkMlMEElMjAlMjAlMjAlMjAlMjJkYXRlJTIyJTNBJTIwJTIyMDYlMkYwNyUyRjIwMjUlMjIlMEElMjAlMjAlN0QlMEElNUQlMEElMEElMjAlMjBjb25zdCUyMHBlclBhZ2UlMjAlM0QlMjA1JTNCJTBBJTIwJTIwbGV0JTIwY3VycmVudFBhZ2UlMjAlM0QlMjAxJTNCJTBBJTBBJTIwJTIwZnVuY3Rpb24lMjByZW5kZXJGZWVkYmFja0xpc3QlMjglMjklMjAlN0IlMEElMjAlMjAlMjAlMjBjb25zdCUyMGxpc3QlMjAlM0QlMjBkb2N1bWVudC5nZXRFbGVtZW50QnlJZCUyOCUyMmZlZWRiYWNrLWxpc3QlMjIlMjklM0IlMEElMjAlMjAlMjAlMjBsaXN0LmlubmVySFRNTCUyMCUzRCUyMCUyMiUyMiUzQiUwQSUwQSUyMCUyMCUyMCUyMGNvbnN0JTIwc3RhcnQlMjAlM0QlMjAlMjhjdXJyZW50UGFnZSUyMC0lMjAxJTI5JTIwJTJBJTIwcGVyUGFnZSUzQiUwQSUyMCUyMCUyMCUyMGNvbnN0JTIwcGFnZUZlZWRiYWNrcyUyMCUzRCUyMGZlZWRiYWNrcy5zbGljZSUyOHN0YXJ0JTJDJTIwc3RhcnQlMjAlMkIlMjBwZXJQYWdlJTI5JTNCJTBBJTBBJTIwJTIwJTIwJTIwcGFnZUZlZWRiYWNrcy5mb3JFYWNoJTI4ZmIlMjAlM0QlM0UlMjAlN0IlMEElMjAlMjAlMjAlMjAlMjAlMjBjb25zdCUyMGl0ZW0lMjAlM0QlMjBkb2N1bWVudC5jcmVhdGVFbGVtZW50JTI4JTIyZGl2JTIyJTI5JTNCJTBBJTIwJTIwJTIwJTIwJTIwJTIwaXRlbS5jbGFzc05hbWUlMjAlM0QlMjAlMjJmZWVkYmFjay1pdGVtJTIyJTNCJTBBJTIwJTIwJTIwJTIwJTIwJTIwaXRlbS5pbm5lckhUTUwlMjAlM0QlMjAlNjAlMEElMjAlMjAlMjAlMjAlMjAlMjAlMjAlMjAlM0NkaXYlMjBjbGFzcyUzRCUyMmZlZWRiYWNrLW5hbWUlMjIlM0UlMjQlN0JmYi5uYW1lJTdEJTNDJTJGZGl2JTNFJTBBJTIwJTIwJTIwJTIwJTIwJTIwJTIwJTIwJTNDZGl2JTIwY2xhc3MlM0QlMjJmZWVkYmFjay1zdGFycyUyMiUzRSUyNCU3QiUyMiVFMiU5OCU4NSUyMi5yZXBlYXQlMjhmYi5zdGFycyUyOSU3RCUzQ3NwYW4lMjBzdHlsZSUzRCUyMmNvbG9yJTNBJTIzY2NjJTIyJTNFJTI0JTdCJTIyJUUyJTk4JTg1JTIyLnJlcGVhdCUyODUlMjAtJTIwZmIuc3RhcnMlMjklN0QlM0MlMkZzcGFuJTNFJTNDJTJGZGl2JTNFJTBBJTIwJTIwJTIwJTIwJTIwJTIwJTIwJTIwJTNDZGl2JTIwY2xhc3MlM0QlMjJmZWVkYmFjay1kYXRlJTIyJTNFTmclQzMlQTB5JTIwJUM0JTkxJUMzJUExbmglMjBnaSVDMyVBMSUzQSUyMCUyNCU3QmZiLmRhdGUlN0QlM0MlMkZkaXYlM0UlMEElMjAlMjAlMjAlMjAlMjAlMjAlMjAlMjAlM0NkaXYlMjBjbGFzcyUzRCUyMmZlZWRiYWNrLXRleHQlMjIlM0UlMjQlN0JmYi5jb21tZW50JTdEJTNDJTJGZGl2JTNFJTBBJTIwJTIwJTIwJTIwJTIwJTIwJTYwJTNCJTBBJTIwJTIwJTIwJTIwJTIwJTIwbGlzdC5hcHBlbmRDaGlsZCUyOGl0ZW0lMjklM0IlMEElMjAlMjAlMjAlMjAlN0QlMjklM0IlMEElMjAlMjAlN0QlMEElMEElMjAlMjBmdW5jdGlvbiUyMHJlbmRlclBhZ2luYXRpb24lMjglMjklMjAlN0IlMEElMjAlMjAlMjAlMjBjb25zdCUyMHBhZ2VDb3VudCUyMCUzRCUyME1hdGguY2VpbCUyOGZlZWRiYWNrcy5sZW5ndGglMjAlMkYlMjBwZXJQYWdlJTI5JTNCJTBBJTIwJTIwJTIwJTIwY29uc3QlMjBjb250YWluZXIlMjAlM0QlMjBkb2N1bWVudC5nZXRFbGVtZW50QnlJZCUyOCUyMnBhZ2luYXRpb24lMjIlMjklM0IlMEElMjAlMjAlMjAlMjBjb250YWluZXIuaW5uZXJIVE1MJTIwJTNEJTIwJTIyJTIyJTNCJTBBJTBBJTIwJTIwJTIwJTIwZm9yJTIwJTI4bGV0JTIwaSUyMCUzRCUyMDElM0IlMjBpJTIwJTNDJTNEJTIwcGFnZUNvdW50JTNCJTIwaSUyQiUyQiUyOSUyMCU3QiUwQSUyMCUyMCUyMCUyMCUyMCUyMGNvbnN0JTIwYnRuJTIwJTNEJTIwZG9jdW1lbnQuY3JlYXRlRWxlbWVudCUyOCUyMmJ1dHRvbiUyMiUyOSUzQiUwQSUyMCUyMCUyMCUyMCUyMCUyMGJ0bi5jbGFzc05hbWUlMjAlM0QlMjAlMjJwYWdpbmF0aW9uLWJ0biUyMiUyMCUyQiUyMCUyOGklMjAlM0QlM0QlM0QlMjBjdXJyZW50UGFnZSUyMCUzRiUyMCUyMiUyMGFjdGl2ZSUyMiUyMCUzQSUyMCUyMiUyMiUyOSUzQiUwQSUyMCUyMCUyMCUyMCUyMCUyMGJ0bi5pbm5lclRleHQlMjAlM0QlMjBpJTNCJTBBJTIwJTIwJTIwJTIwJTIwJTIwYnRuLm9uY2xpY2slMjAlM0QlMjAlMjglMjklMjAlM0QlM0UlMjAlN0IlMEElMjAlMjAlMjAlMjAlMjAlMjAlMjAlMjBjdXJyZW50UGFnZSUyMCUzRCUyMGklM0IlMEElMjAlMjAlMjAlMjAlMjAlMjAlMjAlMjByZW5kZXJGZWVkYmFja0xpc3QlMjglMjklM0IlMEElMjAlMjAlMjAlMjAlMjAlMjAlMjAlMjByZW5kZXJQYWdpbmF0aW9uJTI4JTI5JTNCJTBBJTIwJTIwJTIwJTIwJTIwJTIwJTdEJTNCJTBBJTIwJTIwJTIwJTIwJTIwJTIwY29udGFpbmVyLmFwcGVuZENoaWxkJTI4YnRuJTI5JTNCJTBBJTIwJTIwJTIwJTIwJTdEJTBBJTIwJTIwJTdEJTBBJTBBJTIwJTIwZnVuY3Rpb24lMjByZW5kZXJTdW1tYXJ5JTI4JTI5JTIwJTdCJTBBJTIwJTIwJTIwJTIwY29uc3QlMjB0b3RhbCUyMCUzRCUyMGZlZWRiYWNrcy5sZW5ndGglM0IlMEElMjAlMjAlMjAlMjBjb25zdCUyMGF2ZyUyMCUzRCUyMCUyOGZlZWRiYWNrcy5yZWR1Y2UlMjglMjhhY2MlMkMlMjBmJTI5JTIwJTNEJTNFJTIwYWNjJTIwJTJCJTIwZi5zdGFycyUyQyUyMDAlMjklMjAlMkYlMjB0b3RhbCUyOS50b0ZpeGVkJTI4MSUyOSUzQiUwQSUyMCUyMCUyMCUyMGRvY3VtZW50LmdldEVsZW1lbnRCeUlkJTI4JTIydG90YWwtZmVlZGJhY2slMjIlMjkuaW5uZXJUZXh0JTIwJTNEJTIwdG90YWwlM0IlMEElMjAlMjAlMjAlMjBkb2N1bWVudC5nZXRFbGVtZW50QnlJZCUyOCUyMmF2Zy1yYXRpbmclMjIlMjkuaW5uZXJUZXh0JTIwJTNEJTIwYXZnJTNCJTBBJTIwJTIwJTdEJTBBJTBBJTIwJTIwcmVuZGVyU3VtbWFyeSUyOCUyOSUzQiUwQSUyMCUyMHJlbmRlckZlZWRiYWNrTGlzdCUyOCUyOSUzQiUwQSUyMCUyMHJlbmRlclBhZ2luYXRpb24lMjglMjklM0IlMEElM0MlMkZzY3JpcHQlM0UlMEE=[\/vc_raw_html][\/vc_column][\/vc_row]<\/p>\n<\/div>","protected":false},"excerpt":{"rendered":"<h3><em>Mi\u1ec5n Ph\u00ed Ship khi mua t\u1eeb 2 S\u1ea3n Ph\u1ea9m.<\/em><\/h3>","protected":false},"featured_media":3139,"comment_status":"open","ping_status":"closed","template":"","meta":{"_glsr_average":0,"_glsr_ranking":0,"_glsr_reviews":0},"product_brand":[],"product_cat":[85,93,81],"product_tag":[],"class_list":{"0":"post-2387","1":"product","2":"type-product","3":"status-publish","4":"has-post-thumbnail","6":"product_cat-nuoc-hoa","7":"product_cat-nuoc-hoa-nam","8":"product_cat-produce","9":"product_shipping_class-hang-de-vo","11":"first","12":"instock","13":"shipping-taxable","14":"purchasable","15":"product-type-simple"},"jetpack_sharing_enabled":true,"_links":{"self":[{"href":"https:\/\/iuperfume.vn\/index.php\/wp-json\/wp\/v2\/product\/2387","targetHints":{"allow":["GET"]}}],"collection":[{"href":"https:\/\/iuperfume.vn\/index.php\/wp-json\/wp\/v2\/product"}],"about":[{"href":"https:\/\/iuperfume.vn\/index.php\/wp-json\/wp\/v2\/types\/product"}],"replies":[{"embeddable":true,"href":"https:\/\/iuperfume.vn\/index.php\/wp-json\/wp\/v2\/comments?post=2387"}],"wp:featuredmedia":[{"embeddable":true,"href":"https:\/\/iuperfume.vn\/index.php\/wp-json\/wp\/v2\/media\/3139"}],"wp:attachment":[{"href":"https:\/\/iuperfume.vn\/index.php\/wp-json\/wp\/v2\/media?parent=2387"}],"wp:term":[{"taxonomy":"product_brand","embeddable":true,"href":"https:\/\/iuperfume.vn\/index.php\/wp-json\/wp\/v2\/product_brand?post=2387"},{"taxonomy":"product_cat","embeddable":true,"href":"https:\/\/iuperfume.vn\/index.php\/wp-json\/wp\/v2\/product_cat?post=2387"},{"taxonomy":"product_tag","embeddable":true,"href":"https:\/\/iuperfume.vn\/index.php\/wp-json\/wp\/v2\/product_tag?post=2387"}],"curies":[{"name":"wp","href":"https:\/\/api.w.org\/{rel}","templated":true}]}}